{"id":59,"date":"2020-11-30T12:14:47","date_gmt":"2020-11-30T11:14:47","guid":{"rendered":"http:\/\/www.olimpiciazzurri.it\/annidargento\/?page_id=59"},"modified":"2020-11-30T12:14:48","modified_gmt":"2020-11-30T11:14:48","slug":"francesca-iacarelli","status":"publish","type":"page","link":"https:\/\/www.olimpiciazzurri.it\/annidargento\/francesca-iacarelli\/","title":{"rendered":"Francesca Iacarelli"},"content":{"rendered":"\n<p><em>Osteopata D.O., Chinesiologa, Azzurra pattinaggio artistico a rotelle specialit\u00e0 coppia artistica<\/em><\/p>\n\n\n\n<div class=\"wp-block-image\"><figure class=\"alignleft size-large is-resized\"><img loading=\"lazy\" decoding=\"async\" src=\"https:\/\/www.olimpiciazzurri.it\/annidargento\/wp-content\/uploads\/sites\/3\/2020\/11\/Iacarelli-Francesca.jpg\" alt=\"\" class=\"wp-image-60\" width=\"257\" height=\"259\" srcset=\"https:\/\/www.olimpiciazzurri.it\/annidargento\/wp-content\/uploads\/sites\/3\/2020\/11\/Iacarelli-Francesca.jpg 528w, https:\/\/www.olimpiciazzurri.it\/annidargento\/wp-content\/uploads\/sites\/3\/2020\/11\/Iacarelli-Francesca-298x300.jpg 298w, https:\/\/www.olimpiciazzurri.it\/annidargento\/wp-content\/uploads\/sites\/3\/2020\/11\/Iacarelli-Francesca-150x150.jpg 150w\" sizes=\"auto, (max-width: 257px) 100vw, 257px\" \/><\/figure><\/div>\n\n\n\n<p>Terza et\u00e0 e Osteopatia\u2026 come? Con l\u2019avanzare del tempo anche il nostro organismo tende a presentare processi degenerativi e, a volte, non sono sempre compensati. L\u2019osteopatia, definita una medicina manuale con approccio olistico, interpreta il comportamento del sistema come risultato delle relazioni tra le sue parti, basandosi sull\u2019anatomia e sulla fisiologia, considerando inseparabili corpo, mente e spirito. Un approccio delicato, aiuta a ristabilire i parametri non solo sul piano muscolo-scheletrico, ma anche viscerale, fasciale, cranio-sacrale e somato-emozionale; ristabilendo mobilit\u00e0 e funzionalit\u00e0 a pi\u00f9 livelli migliorando la quotidianit\u00e0.<br>Aiuta quindi a mantenere tono ed equilibrio, alleviando il dolore ed accompagnando dolcemente verso gli anni a venire.<\/p>\n","protected":false},"excerpt":{"rendered":"<p>Osteopata D.O., Chinesiologa, Azzurra pattinaggio artistico a rotelle specialit\u00e0 coppia artistica Terza et\u00e0 e Osteopatia\u2026 come? Con l\u2019avanzare del tempo<\/p>\n","protected":false},"author":3,"featured_media":0,"parent":0,"menu_order":0,"comment_status":"closed","ping_status":"closed","template":"","meta":{"colormag_page_layout":"default_layout","_exactmetrics_skip_tracking":false,"_exactmetrics_sitenote_active":false,"_exactmetrics_sitenote_note":"","_exactmetrics_sitenote_category":0,"footnotes":""},"class_list":["post-59","page","type-page","status-publish","hentry"],"_links":{"self":[{"href":"https:\/\/www.olimpiciazzurri.it\/annidargento\/wp-json\/wp\/v2\/pages\/59","targetHints":{"allow":["GET"]}}],"collection":[{"href":"https:\/\/www.olimpiciazzurri.it\/annidargento\/wp-json\/wp\/v2\/pages"}],"about":[{"href":"https:\/\/www.olimpiciazzurri.it\/annidargento\/wp-json\/wp\/v2\/types\/page"}],"author":[{"embeddable":true,"href":"https:\/\/www.olimpiciazzurri.it\/annidargento\/wp-json\/wp\/v2\/users\/3"}],"replies":[{"embeddable":true,"href":"https:\/\/www.olimpiciazzurri.it\/annidargento\/wp-json\/wp\/v2\/comments?post=59"}],"version-history":[{"count":1,"href":"https:\/\/www.olimpiciazzurri.it\/annidargento\/wp-json\/wp\/v2\/pages\/59\/revisions"}],"predecessor-version":[{"id":62,"href":"https:\/\/www.olimpiciazzurri.it\/annidargento\/wp-json\/wp\/v2\/pages\/59\/revisions\/62"}],"wp:attachment":[{"href":"https:\/\/www.olimpiciazzurri.it\/annidargento\/wp-json\/wp\/v2\/media?parent=59"}],"curies":[{"name":"wp","href":"https:\/\/api.w.org\/{rel}","templated":true}]}}