{"id":45,"date":"2020-11-30T12:02:18","date_gmt":"2020-11-30T11:02:18","guid":{"rendered":"http:\/\/www.olimpiciazzurri.it\/annidargento\/?page_id=45"},"modified":"2020-11-30T13:24:37","modified_gmt":"2020-11-30T12:24:37","slug":"antollovich","status":"publish","type":"page","link":"https:\/\/www.olimpiciazzurri.it\/annidargento\/antollovich\/","title":{"rendered":"Marisa Antollovich"},"content":{"rendered":"\n<p><em>Psicoterapeuta e Psicologa dello sport. Scrive per riviste specializzate e di divulgazione. Collaborazioni con Rai2 e Sky<\/em><\/p>\n\n\n\n<div class=\"wp-block-image\"><figure class=\"alignleft size-large is-resized\"><img loading=\"lazy\" decoding=\"async\" src=\"https:\/\/www.olimpiciazzurri.it\/annidargento\/wp-content\/uploads\/sites\/3\/2020\/11\/Antollovic-Marisa.jpg\" alt=\"\" class=\"wp-image-46\" width=\"254\" height=\"255\" srcset=\"https:\/\/www.olimpiciazzurri.it\/annidargento\/wp-content\/uploads\/sites\/3\/2020\/11\/Antollovic-Marisa.jpg 528w, https:\/\/www.olimpiciazzurri.it\/annidargento\/wp-content\/uploads\/sites\/3\/2020\/11\/Antollovic-Marisa-298x300.jpg 298w, https:\/\/www.olimpiciazzurri.it\/annidargento\/wp-content\/uploads\/sites\/3\/2020\/11\/Antollovic-Marisa-150x150.jpg 150w\" sizes=\"auto, (max-width: 254px) 100vw, 254px\" \/><\/figure><\/div>\n\n\n\n<p>I benefici che l\u2019attivit\u00e0 fisica esercita non solo sul corpo ma anche sulla mente \u00e8 un concetto valido anche per chi non \u00e8 pi\u00f9 molto giovane. Nella terza et\u00e0 il movimento fisico apporta un considerevole miglioramento all\u2019intero equilibrio psico fisico, potenzia l\u2019autostima, favorisce la socializzazione, \u00e8 un ottimo antidoto alla depressione e permette di vivere un invecchiamento attivo e sereno. Ogni anziano ha bisogni e aspettative diverse, in questa soggettivit\u00e0 va ricercata la risposta per trovare il proprio approccio alla pratica motoria. Sotto il profilo psicologico questo significa aver trovato la giusta motivazione. La motivazione \u00e8 la spinta ad agire e a mettere in atto comportamenti orientati al raggiungimento di un obiettivo. Perci\u00f2 pi\u00f9 siamo motivati e meno il nostro agire ci coster\u00e0 fatica perch\u00e9 meno ci dovremo sforzare. La motivazione pu\u00f2 derivare dall\u2019esterno (estrinseca) cio\u00e8 da altre persone, o dall\u2019interno (intrinseca) cio\u00e8 dalla persona stessa. Per trovare la giusta motivazione quindi bisogna focalizzare attentamente alcuni punti fondamentali:<\/p>\n\n\n\n<p>&#8211; stabilire con chiarezza la propria meta, vale a dire comprendere cosa ci si aspetta da se stessi<\/p>\n\n\n\n<p>&#8211; dare al cervello informazioni corrette, superare i vecchi tab\u00f9 e comprendere che fare attivit\u00e0 fisica non \u00e8 necessariamente sinonimo di fatica e di sacrificio.<\/p>\n\n\n\n<p>&#8211; visionare tutti i possibili benefici della pratica motoria, non solo quelli che si ottengono a livello fisico ma anche a livello mentale e sociale,<\/p>\n\n\n\n<p>&#8211; formulare adeguatamente gli obiettivi intermedi. Fare grandi progetti di cambiamento e voler vedere subito i risultati \u00e8 deleterio. Il nostro cervello ha bisogno di gradualit\u00e0 e di tempo per cambiare le vecchie abitudini e acquisirne di nuove. Bisogna perci\u00f2 stabilire piccole azioni quotidiane,<\/p>\n\n\n\n<p>&#8211; iniziare dalle cose semplici. Quando si parte da zero bisogna inizialmente focalizzarsi sulle piccole azioni che richiedono poca fatica e poco sforzo di volont\u00e0,<\/p>\n\n\n\n<p>&#8211; dare valore all\u2019impegno. Ogni tappa raggiunta seppure minima va riconosciuta e sostenuta dal nostro Io interiore, vanno bandite dal linguaggio personale frasi di umiliazione e auto denigrazione o peggio ancora di vittimismo, preferendo parole di incoraggiamento e di sostegno.<\/p>\n\n\n\n<p>&#8211; chiedere aiuto e affidarsi a esperti del settore. La visita medica \u00e8 la prima cosa da fare, Qualche colloquio con lo psicologo dello sport lungo il percorso pu\u00f2 servire per ritrovare il giusto equilibrio psicofisico e la motivazione adeguata per affrontare le inevitabili difficolt\u00e0.<\/p>\n","protected":false},"excerpt":{"rendered":"<p>Psicoterapeuta e Psicologa dello sport. Scrive per riviste specializzate e di divulgazione. Collaborazioni con Rai2 e Sky I benefici che<\/p>\n","protected":false},"author":3,"featured_media":0,"parent":0,"menu_order":0,"comment_status":"closed","ping_status":"closed","template":"","meta":{"colormag_page_layout":"default_layout","_exactmetrics_skip_tracking":false,"_exactmetrics_sitenote_active":false,"_exactmetrics_sitenote_note":"","_exactmetrics_sitenote_category":0,"footnotes":""},"class_list":["post-45","page","type-page","status-publish","hentry"],"_links":{"self":[{"href":"https:\/\/www.olimpiciazzurri.it\/annidargento\/wp-json\/wp\/v2\/pages\/45","targetHints":{"allow":["GET"]}}],"collection":[{"href":"https:\/\/www.olimpiciazzurri.it\/annidargento\/wp-json\/wp\/v2\/pages"}],"about":[{"href":"https:\/\/www.olimpiciazzurri.it\/annidargento\/wp-json\/wp\/v2\/types\/page"}],"author":[{"embeddable":true,"href":"https:\/\/www.olimpiciazzurri.it\/annidargento\/wp-json\/wp\/v2\/users\/3"}],"replies":[{"embeddable":true,"href":"https:\/\/www.olimpiciazzurri.it\/annidargento\/wp-json\/wp\/v2\/comments?post=45"}],"version-history":[{"count":3,"href":"https:\/\/www.olimpiciazzurri.it\/annidargento\/wp-json\/wp\/v2\/pages\/45\/revisions"}],"predecessor-version":[{"id":142,"href":"https:\/\/www.olimpiciazzurri.it\/annidargento\/wp-json\/wp\/v2\/pages\/45\/revisions\/142"}],"wp:attachment":[{"href":"https:\/\/www.olimpiciazzurri.it\/annidargento\/wp-json\/wp\/v2\/media?parent=45"}],"curies":[{"name":"wp","href":"https:\/\/api.w.org\/{rel}","templated":true}]}}