{"id":189,"date":"2020-11-30T16:46:59","date_gmt":"2020-11-30T15:46:59","guid":{"rendered":"http:\/\/www.olimpiciazzurri.it\/annidargento\/?page_id=189"},"modified":"2020-11-30T16:47:01","modified_gmt":"2020-11-30T15:47:01","slug":"tiro-con-larco","status":"publish","type":"page","link":"https:\/\/www.olimpiciazzurri.it\/annidargento\/tiro-con-larco\/","title":{"rendered":"TIRO CON L\u2019ARCO"},"content":{"rendered":"\n<p><em>Guendalina Sartori, Medaglia d\u2019oro campionati del mondo<\/em><\/p>\n\n\n\n<p>Mi sono avvicinata al tiro con l\u2019arco all\u2019eta di 11 anni, e me ne innamorai subito. Perch\u00e9?<br>\u00c8 uno sport vario per il tipo di gare che propone.<\/p>\n\n\n\n<p>\u00c8 uno sport che io definisco eterogeneo perch\u00e9 nei campi di gara e allenamento posso trovare ragazzini dai 10 anni fino agli adulti senza limiti di et\u00e0. A tale proposito quando iniziai mi ricordo di Pasquale, era ben oltre gli Over 64, ma mi ricordo la sua tenacia nel voler comunque tirare tutte le frecce anche se il fisico a volte lo lasciava senza forze.<\/p>\n\n\n\n<p>\u00c8 uno sport che riesce a portare sulla stessa linea di tiro normodotati e diversamente abili, e farli gareggiare insieme.<\/p>\n\n\n\n<p>\u00c8 uno sport che permette di socializzare e di stare all\u2019aria aperta per gran parte dell\u2019anno.<\/p>\n\n\n\n<p>Ho avuto la fortuna di poter girare il mondo e ho potuto stringere amicizie con ar\u00adcieri di culture diversissime dalla nostra, \u00e8 questo il bello dello Sport.<\/p>\n\n\n\n<p>Per praticare il tiro con l\u2019arco non c\u2019\u00e8 bisogno di una mira infallibile o della forza di Ercole, ci sono archi di tutti i tipi e di tutte le potenze. Con la pratica e l\u2019esercizio i benefici dovuti alla pratica del tiro con l\u2019arco che si vedranno sono: In\u00adcremento della forza nelle braccia per poter sostenere il peso dell\u2019arco e la sua potenza, incremento della mobilit\u00e0 articolare grazie agli esercizi pre e post allenamento.<\/p>\n\n\n\n<p>Il tiro con l\u2019arco, il pi\u00f9 antico degli sport moderni.<\/p>\n","protected":false},"excerpt":{"rendered":"<p>Guendalina Sartori, Medaglia d\u2019oro campionati del mondo Mi sono avvicinata al tiro con l\u2019arco all\u2019eta di 11 anni, e me<\/p>\n","protected":false},"author":3,"featured_media":0,"parent":0,"menu_order":0,"comment_status":"closed","ping_status":"closed","template":"","meta":{"colormag_page_layout":"no_sidebar_full_width","_exactmetrics_skip_tracking":false,"_exactmetrics_sitenote_active":false,"_exactmetrics_sitenote_note":"","_exactmetrics_sitenote_category":0,"footnotes":""},"class_list":["post-189","page","type-page","status-publish","hentry"],"_links":{"self":[{"href":"https:\/\/www.olimpiciazzurri.it\/annidargento\/wp-json\/wp\/v2\/pages\/189","targetHints":{"allow":["GET"]}}],"collection":[{"href":"https:\/\/www.olimpiciazzurri.it\/annidargento\/wp-json\/wp\/v2\/pages"}],"about":[{"href":"https:\/\/www.olimpiciazzurri.it\/annidargento\/wp-json\/wp\/v2\/types\/page"}],"author":[{"embeddable":true,"href":"https:\/\/www.olimpiciazzurri.it\/annidargento\/wp-json\/wp\/v2\/users\/3"}],"replies":[{"embeddable":true,"href":"https:\/\/www.olimpiciazzurri.it\/annidargento\/wp-json\/wp\/v2\/comments?post=189"}],"version-history":[{"count":1,"href":"https:\/\/www.olimpiciazzurri.it\/annidargento\/wp-json\/wp\/v2\/pages\/189\/revisions"}],"predecessor-version":[{"id":190,"href":"https:\/\/www.olimpiciazzurri.it\/annidargento\/wp-json\/wp\/v2\/pages\/189\/revisions\/190"}],"wp:attachment":[{"href":"https:\/\/www.olimpiciazzurri.it\/annidargento\/wp-json\/wp\/v2\/media?parent=189"}],"curies":[{"name":"wp","href":"https:\/\/api.w.org\/{rel}","templated":true}]}}