{"id":182,"date":"2020-11-30T16:43:01","date_gmt":"2020-11-30T15:43:01","guid":{"rendered":"http:\/\/www.olimpiciazzurri.it\/annidargento\/?page_id=182"},"modified":"2020-11-30T16:43:02","modified_gmt":"2020-11-30T15:43:02","slug":"pallavolo","status":"publish","type":"page","link":"https:\/\/www.olimpiciazzurri.it\/annidargento\/pallavolo\/","title":{"rendered":"PALLAVOLO"},"content":{"rendered":"\n<p><em>Piero Vannucci, Medaglia d\u2019oro Campionati Europa occidentale<\/em><\/p>\n\n\n\n<p>Entri in un palazzetto affollato. Se sei campione vengono sempre a vederti tantissimi spettatori, entu\u00adsiasticamente dalla tua parte in casa, dannatamente ostili se sono i tifosi dei tuoi avversari. Nonostante la tua lunga esperienza quando entri in campo, anche per la fase preparatoria della partita, sei pervaso dall\u2019emozione: la folla, i colori, i suoni, le magliette degli avversari di l\u00e0 dalle rete. Fai i tuoi esercizi di ri\u00adscaldamento rapportandoti asetticamente solo con i tuoi compagni di squadra finch\u00e9\u2026. finch\u00e9 \u2026 non ti avvicini alla rete per le prime schiacciate di prova. \u00c8 il primo momento di simulazione dell\u2019incontro, devi tirare la palla di l\u00e0 con il massimo della violenza. E, il rimbalzo della palla, soprattutto nei tre metri, produce un\u2019eco diretta nel tuo cuore. Poi la partita, con tutti i suoi suspence e le sue emozioni. Questo da giovani campioni. Poi si invecchia, e campioni e spettatori di allora questa eco del rimbalzo del pallone per terra non lo sentono pi\u00f9 nel cuore, ma nella mente, sede deputata per conservare i ricordi. Allora, per ripetere molti movi\u00admenti di questo sport di squadra nella versione pi\u00f9 elementare, ti accorgi che la pallavolo, nelle sue accezioni pi\u00f9 ampie e pi\u00f9 basiche, la puoi praticare in tantis\u00adsime salse pi\u00f9 soft. Palleggi di gruppi di persone con l\u2019acqua fino ai ginocchi al mare, partite sotto il sole nei campi sulla spiaggia, una rete \u201camatoriale\u201d tirata su un un prato nel parco, palleggi e bagher in pineta o dovunque ci siano 50 metri quadrati di area libera da ostacoli. Non \u00e8 la stessa pallavolo delle battute e delle schiacciate stratosferi\u00adche, ma ti mantiene in forma fisicamente, tiene svegli tutti i tuoi meccanismi che regolano l\u2019equilibrio fisico, mantiene reattive le tue capacit\u00e0 di risposta agli stimoli. Over 64: buona pallavolo!!<\/p>\n","protected":false},"excerpt":{"rendered":"<p>Piero Vannucci, Medaglia d\u2019oro Campionati Europa occidentale Entri in un palazzetto affollato. Se sei campione vengono sempre a vederti tantissimi<\/p>\n","protected":false},"author":3,"featured_media":0,"parent":0,"menu_order":0,"comment_status":"closed","ping_status":"closed","template":"","meta":{"colormag_page_layout":"default_layout","_exactmetrics_skip_tracking":false,"_exactmetrics_sitenote_active":false,"_exactmetrics_sitenote_note":"","_exactmetrics_sitenote_category":0,"footnotes":""},"class_list":["post-182","page","type-page","status-publish","hentry"],"_links":{"self":[{"href":"https:\/\/www.olimpiciazzurri.it\/annidargento\/wp-json\/wp\/v2\/pages\/182","targetHints":{"allow":["GET"]}}],"collection":[{"href":"https:\/\/www.olimpiciazzurri.it\/annidargento\/wp-json\/wp\/v2\/pages"}],"about":[{"href":"https:\/\/www.olimpiciazzurri.it\/annidargento\/wp-json\/wp\/v2\/types\/page"}],"author":[{"embeddable":true,"href":"https:\/\/www.olimpiciazzurri.it\/annidargento\/wp-json\/wp\/v2\/users\/3"}],"replies":[{"embeddable":true,"href":"https:\/\/www.olimpiciazzurri.it\/annidargento\/wp-json\/wp\/v2\/comments?post=182"}],"version-history":[{"count":1,"href":"https:\/\/www.olimpiciazzurri.it\/annidargento\/wp-json\/wp\/v2\/pages\/182\/revisions"}],"predecessor-version":[{"id":183,"href":"https:\/\/www.olimpiciazzurri.it\/annidargento\/wp-json\/wp\/v2\/pages\/182\/revisions\/183"}],"wp:attachment":[{"href":"https:\/\/www.olimpiciazzurri.it\/annidargento\/wp-json\/wp\/v2\/media?parent=182"}],"curies":[{"name":"wp","href":"https:\/\/api.w.org\/{rel}","templated":true}]}}