{"id":180,"date":"2020-11-30T16:41:38","date_gmt":"2020-11-30T15:41:38","guid":{"rendered":"http:\/\/www.olimpiciazzurri.it\/annidargento\/?page_id=180"},"modified":"2020-11-30T16:41:40","modified_gmt":"2020-11-30T15:41:40","slug":"ciclismo","status":"publish","type":"page","link":"https:\/\/www.olimpiciazzurri.it\/annidargento\/ciclismo\/","title":{"rendered":"CICLISMO"},"content":{"rendered":"\n<p><em>Alessandro Fiesoli, giornalista specializzato QUOTIDIANO NAZIONALE<\/em><\/p>\n\n\n\n<p>La passione per il ciclismo, diceva Alfredo Martini, ha la stessa radice di quelle per la musica e la poesia. La bicicletta \u00e8 senso della libert\u00e0, stile di vita, attivit\u00e0 sportiva, riscoperta del territorio e delle nostre citt\u00e0 per una diversa concezione, pi\u00f9 ecologica e pi\u00f9 umanistica, della mobilit\u00e0 condivisa. Una riscoperta continua delle due ruote, anche in risposta all\u2019emergenza del coronavirus. Il ciclismo ha fatto la storia dello sport e del paese, con i suoi campioni, da Coppi a Bartali, da Gimondi a Bugno, da Pantani a Nibali, rilanciando l\u2019immagine dell\u2019Italia nel Dopoguerra. E la grande diffusione della bicicletta diventa un simbolo anche in questa fase di ricostruzione dell\u2019economia italiana, con un succes\u00adso crescente anche del cicloturismo. Moltissimi gli amatori anche con i capelli d\u2019argento, super attrezza\u00adti e con il diritto-dovere di opportuni controlli medici. In bicicletta, altro segreto di questo sport, si tende a sorridere.<\/p>\n","protected":false},"excerpt":{"rendered":"<p>Alessandro Fiesoli, giornalista specializzato QUOTIDIANO NAZIONALE La passione per il ciclismo, diceva Alfredo Martini, ha la stessa radice di quelle<\/p>\n","protected":false},"author":3,"featured_media":0,"parent":0,"menu_order":0,"comment_status":"closed","ping_status":"closed","template":"","meta":{"colormag_page_layout":"default_layout","_exactmetrics_skip_tracking":false,"_exactmetrics_sitenote_active":false,"_exactmetrics_sitenote_note":"","_exactmetrics_sitenote_category":0,"footnotes":""},"class_list":["post-180","page","type-page","status-publish","hentry"],"_links":{"self":[{"href":"https:\/\/www.olimpiciazzurri.it\/annidargento\/wp-json\/wp\/v2\/pages\/180","targetHints":{"allow":["GET"]}}],"collection":[{"href":"https:\/\/www.olimpiciazzurri.it\/annidargento\/wp-json\/wp\/v2\/pages"}],"about":[{"href":"https:\/\/www.olimpiciazzurri.it\/annidargento\/wp-json\/wp\/v2\/types\/page"}],"author":[{"embeddable":true,"href":"https:\/\/www.olimpiciazzurri.it\/annidargento\/wp-json\/wp\/v2\/users\/3"}],"replies":[{"embeddable":true,"href":"https:\/\/www.olimpiciazzurri.it\/annidargento\/wp-json\/wp\/v2\/comments?post=180"}],"version-history":[{"count":1,"href":"https:\/\/www.olimpiciazzurri.it\/annidargento\/wp-json\/wp\/v2\/pages\/180\/revisions"}],"predecessor-version":[{"id":181,"href":"https:\/\/www.olimpiciazzurri.it\/annidargento\/wp-json\/wp\/v2\/pages\/180\/revisions\/181"}],"wp:attachment":[{"href":"https:\/\/www.olimpiciazzurri.it\/annidargento\/wp-json\/wp\/v2\/media?parent=180"}],"curies":[{"name":"wp","href":"https:\/\/api.w.org\/{rel}","templated":true}]}}