{"id":178,"date":"2020-11-30T16:40:19","date_gmt":"2020-11-30T15:40:19","guid":{"rendered":"http:\/\/www.olimpiciazzurri.it\/annidargento\/?page_id=178"},"modified":"2020-11-30T16:40:20","modified_gmt":"2020-11-30T15:40:20","slug":"pattinaggio","status":"publish","type":"page","link":"https:\/\/www.olimpiciazzurri.it\/annidargento\/pattinaggio\/","title":{"rendered":"PATTINAGGIO"},"content":{"rendered":"\n<p><em>Letizia Tinghi, pluricampionessa del mondo<\/em><\/p>\n\n\n\n<p>Il pattino, mezzo di locomozione che trasforma qualsiasi attivit\u00e0 a terra nelle disci\u00adpline del pattinaggio. Sport di gioia e dolori in quanto si diventa leggiadri come libellule con il pattinaggio artistico, veloci come il vento con la corsa, strateghi con l\u2019hockey, acrobati con il freestyle, e naturalisti con i rollebleisti che raggiungono ogni superficie calpestabile, ma si studia, si suda e si ripete all\u2019infinito per sconfig\u00adgere le leggi della fisica, dimostrando che la forza di gravit\u00e0 niente ha a che fare con un atleta di alto livello per il quale tutto diventa semplice e possibile. Per que\u00adsto la capacit\u00e0 tecnica non \u00e8 direttamente proporzionale all\u2019et\u00e0.<\/p>\n\n\n\n<p>La pratica di questo sport puo\u2019 diventare sicuramente nei suoi termi\u00adni pi\u00f9 elementari pi\u00f9 rilassante, divertente e pratica facendo una pattinata sul lungomare, in campagna o in citt\u00e0, magari per rag\u00adgiungere il posto di lavoro o per gioco con un gruppo di amici alle\u00adnando, senza pensarci, il fisico, l\u2019attenzione e l\u2019equilibrio. Ultimo, ma non ul\u00adtimo, in un\u2019epoca in cui la sostenibilit\u00e0 non deve pi\u00f9 essere solo un\u2019espressione verbale, ma il frutto concreto di abitudini da strutturare, gli spostamenti con i pattini avvengono all\u2019insegna della pi\u00f9 totale osservanza ecologica.<\/p>\n","protected":false},"excerpt":{"rendered":"<p>Letizia Tinghi, pluricampionessa del mondo Il pattino, mezzo di locomozione che trasforma qualsiasi attivit\u00e0 a terra nelle disci\u00adpline del pattinaggio.<\/p>\n","protected":false},"author":3,"featured_media":0,"parent":0,"menu_order":0,"comment_status":"closed","ping_status":"closed","template":"","meta":{"colormag_page_layout":"default_layout","_exactmetrics_skip_tracking":false,"_exactmetrics_sitenote_active":false,"_exactmetrics_sitenote_note":"","_exactmetrics_sitenote_category":0,"footnotes":""},"class_list":["post-178","page","type-page","status-publish","hentry"],"_links":{"self":[{"href":"https:\/\/www.olimpiciazzurri.it\/annidargento\/wp-json\/wp\/v2\/pages\/178","targetHints":{"allow":["GET"]}}],"collection":[{"href":"https:\/\/www.olimpiciazzurri.it\/annidargento\/wp-json\/wp\/v2\/pages"}],"about":[{"href":"https:\/\/www.olimpiciazzurri.it\/annidargento\/wp-json\/wp\/v2\/types\/page"}],"author":[{"embeddable":true,"href":"https:\/\/www.olimpiciazzurri.it\/annidargento\/wp-json\/wp\/v2\/users\/3"}],"replies":[{"embeddable":true,"href":"https:\/\/www.olimpiciazzurri.it\/annidargento\/wp-json\/wp\/v2\/comments?post=178"}],"version-history":[{"count":1,"href":"https:\/\/www.olimpiciazzurri.it\/annidargento\/wp-json\/wp\/v2\/pages\/178\/revisions"}],"predecessor-version":[{"id":179,"href":"https:\/\/www.olimpiciazzurri.it\/annidargento\/wp-json\/wp\/v2\/pages\/178\/revisions\/179"}],"wp:attachment":[{"href":"https:\/\/www.olimpiciazzurri.it\/annidargento\/wp-json\/wp\/v2\/media?parent=178"}],"curies":[{"name":"wp","href":"https:\/\/api.w.org\/{rel}","templated":true}]}}