{"id":173,"date":"2020-11-30T16:35:56","date_gmt":"2020-11-30T15:35:56","guid":{"rendered":"http:\/\/www.olimpiciazzurri.it\/annidargento\/?page_id=173"},"modified":"2020-11-30T16:35:58","modified_gmt":"2020-11-30T15:35:58","slug":"canoa","status":"publish","type":"page","link":"https:\/\/www.olimpiciazzurri.it\/annidargento\/canoa\/","title":{"rendered":"CANOA"},"content":{"rendered":"\n<p><em>Paolo Salvietti, P.O. Olimpiadi Montreal<\/em><\/p>\n\n\n\n<p>Da giovani cerchiamo quello che ci pu\u00f2 emozionare di pi\u00f9: la ricerca della veloci\u00adt\u00e0. superare difficolt\u00e0, misurarsi con la natura. Tutto questo \u00e8 ancor pi\u00f9 soddisfa\u00adcente se raggiunto con la propria prestanza fisica. Il planare sull\u2019acqua con una canoa d\u00e0 un\u2019ebbrezza indescrivibile. Che sia un\u2019 onda al mare che ti permette in pochi minuti di percorrere lunghe distanze o sia il domare un fiume nel superare rapide o ammaestrando passaggi fluviali superando la velocit\u00e0 di quelle onde grazie ad una pa\u00adgaia e ad una canoa, \u00e8 un goal importante per un atleta o chi si diletta con questo sport non solo in forma agonistica. La canoa \u00e8 anche gioco di squadra che ti permette di miglio\u00adrare e rinforzare tutte queste emozioni. E poi la possibilit\u00e0 di scoprire luoghi che altrimenti ti puoi immaginare solamente da lontano come una passeg\u00adgiata in mare, in un fiume, in un lago, \u00e8 un qualcosa che puoi provare a qualsiasi et\u00e0. E tutto questo si pu\u00f2 provare ed utilizzare migliorando la resistenza, la coordinazione, il rinforzo globale per gli arti inferiori e superiori. La canoa \u00e8 l\u2019esempio di una attivit\u00e0 amatoriale adatta a tutti e soprattutto riscoprendo capacit\u00e0 nella maniera pi\u00f9 amatoriale e ricreativa.<\/p>\n","protected":false},"excerpt":{"rendered":"<p>Paolo Salvietti, P.O. Olimpiadi Montreal Da giovani cerchiamo quello che ci pu\u00f2 emozionare di pi\u00f9: la ricerca della veloci\u00adt\u00e0. superare<\/p>\n","protected":false},"author":3,"featured_media":0,"parent":0,"menu_order":0,"comment_status":"closed","ping_status":"closed","template":"","meta":{"colormag_page_layout":"no_sidebar_full_width","_exactmetrics_skip_tracking":false,"_exactmetrics_sitenote_active":false,"_exactmetrics_sitenote_note":"","_exactmetrics_sitenote_category":0,"footnotes":""},"class_list":["post-173","page","type-page","status-publish","hentry"],"_links":{"self":[{"href":"https:\/\/www.olimpiciazzurri.it\/annidargento\/wp-json\/wp\/v2\/pages\/173","targetHints":{"allow":["GET"]}}],"collection":[{"href":"https:\/\/www.olimpiciazzurri.it\/annidargento\/wp-json\/wp\/v2\/pages"}],"about":[{"href":"https:\/\/www.olimpiciazzurri.it\/annidargento\/wp-json\/wp\/v2\/types\/page"}],"author":[{"embeddable":true,"href":"https:\/\/www.olimpiciazzurri.it\/annidargento\/wp-json\/wp\/v2\/users\/3"}],"replies":[{"embeddable":true,"href":"https:\/\/www.olimpiciazzurri.it\/annidargento\/wp-json\/wp\/v2\/comments?post=173"}],"version-history":[{"count":1,"href":"https:\/\/www.olimpiciazzurri.it\/annidargento\/wp-json\/wp\/v2\/pages\/173\/revisions"}],"predecessor-version":[{"id":174,"href":"https:\/\/www.olimpiciazzurri.it\/annidargento\/wp-json\/wp\/v2\/pages\/173\/revisions\/174"}],"wp:attachment":[{"href":"https:\/\/www.olimpiciazzurri.it\/annidargento\/wp-json\/wp\/v2\/media?parent=173"}],"curies":[{"name":"wp","href":"https:\/\/api.w.org\/{rel}","templated":true}]}}