{"id":171,"date":"2020-11-30T16:34:51","date_gmt":"2020-11-30T15:34:51","guid":{"rendered":"http:\/\/www.olimpiciazzurri.it\/annidargento\/?page_id=171"},"modified":"2020-11-30T16:34:52","modified_gmt":"2020-11-30T15:34:52","slug":"golf","status":"publish","type":"page","link":"https:\/\/www.olimpiciazzurri.it\/annidargento\/golf\/","title":{"rendered":"GOLF"},"content":{"rendered":"\n<p><em>Baldovino Dass\u00f9, 9 vittorie tour professionistico mondiale<\/em><\/p>\n\n\n\n<p>Ricordo benissimo la mia prima volta su un campo da golf. Portavo i bastoni a mia nonna , mugugnando tra me e me poich\u00e9 avrei preferito di gran lunga essere a giocare a tennis o a calcio con i miei amici.<\/p>\n\n\n\n<p>Dopo un p\u00f2, nonostante il malumore, la curiosit\u00e0 ebbe il sopravvento e chiesi di provare a fare qualche tiro, pensando che se me la cavavo sul campo da tennis, colpire una palla ferma sarebbe stato uno scherzo. Ci vollero un bel numero di tentativi prima che riuscissi a fare decollare quella maledetta pallina ma non dimenticher\u00f2 mai il piacere provato nel vederla volare a una distanza che, seppur modesta, allora mi sembrava siderale. Quando poi, durante la stessa passeggiata, ebbi la for\u00adtuna di imbucare un colpo di una decina di metri, ero sicuro di aver trovato lo sport che avrei praticato per tutta la vita, che mi piaceva al punto che ne avrei fatto il mio lavoro. Uno sport dove il tuo avversario \u00e8 il campo e il livello di abilit\u00e0 che ritieni di dover raggiungere, obbiettivo che spesso si tende a collocare al di l\u00e0 delle proprie capacit\u00e0. Il gesto tecnico complesso, da cui dipende in larga parte il rendimento agonistico, \u00e8 forse l\u2019aspetto pi\u00f9 studiato del golf ma so per esperienza che anche la concentrazione, l\u2019autocontrollo e quel minimo di forma fisica che permet\u00adta di arrivare alla fine di un giro di una decina di chilometri senza essere affaticati sono elementi di primaria importanza per risultati decenti. Ma questi sono concetti che riguardano lo sport agonistico, quello che tuttora mi diverte, come se non giocassi da pi\u00f9 di mezzo secolo, \u00e8 giocare un giro di golf con amici appassionati come me , dove ogni colpaccio \u00e8 occasione di presa in giro e ogni bel colpo viene commentato con \u201c che c\u2026 che hai \u201c. E il tutto si svolge in un contesto naturale fantastico, dove si dimenticano i rumori, il traffico, la mancanza di spazio o lo smog , dove non \u00e8 raro vedere animali selvatici nel loro ambiente e vegetazione di incredibile bellezza. Se poi a causa dell\u2019et\u00e0 anche i bei colpi non hanno pi\u00f9 la potenza di una volta tanto me\u00adglio, anche la vista non \u00e8 pi\u00f9 quella, meglio tenersi la palla pi\u00f9 vicina!<\/p>\n","protected":false},"excerpt":{"rendered":"<p>Baldovino Dass\u00f9, 9 vittorie tour professionistico mondiale Ricordo benissimo la mia prima volta su un campo da golf. Portavo i<\/p>\n","protected":false},"author":3,"featured_media":0,"parent":0,"menu_order":0,"comment_status":"closed","ping_status":"closed","template":"","meta":{"colormag_page_layout":"no_sidebar_full_width","_exactmetrics_skip_tracking":false,"_exactmetrics_sitenote_active":false,"_exactmetrics_sitenote_note":"","_exactmetrics_sitenote_category":0,"footnotes":""},"class_list":["post-171","page","type-page","status-publish","hentry"],"_links":{"self":[{"href":"https:\/\/www.olimpiciazzurri.it\/annidargento\/wp-json\/wp\/v2\/pages\/171","targetHints":{"allow":["GET"]}}],"collection":[{"href":"https:\/\/www.olimpiciazzurri.it\/annidargento\/wp-json\/wp\/v2\/pages"}],"about":[{"href":"https:\/\/www.olimpiciazzurri.it\/annidargento\/wp-json\/wp\/v2\/types\/page"}],"author":[{"embeddable":true,"href":"https:\/\/www.olimpiciazzurri.it\/annidargento\/wp-json\/wp\/v2\/users\/3"}],"replies":[{"embeddable":true,"href":"https:\/\/www.olimpiciazzurri.it\/annidargento\/wp-json\/wp\/v2\/comments?post=171"}],"version-history":[{"count":1,"href":"https:\/\/www.olimpiciazzurri.it\/annidargento\/wp-json\/wp\/v2\/pages\/171\/revisions"}],"predecessor-version":[{"id":172,"href":"https:\/\/www.olimpiciazzurri.it\/annidargento\/wp-json\/wp\/v2\/pages\/171\/revisions\/172"}],"wp:attachment":[{"href":"https:\/\/www.olimpiciazzurri.it\/annidargento\/wp-json\/wp\/v2\/media?parent=171"}],"curies":[{"name":"wp","href":"https:\/\/api.w.org\/{rel}","templated":true}]}}