{"id":167,"date":"2020-11-30T16:32:29","date_gmt":"2020-11-30T15:32:29","guid":{"rendered":"http:\/\/www.olimpiciazzurri.it\/annidargento\/?page_id=167"},"modified":"2020-11-30T16:32:30","modified_gmt":"2020-11-30T15:32:30","slug":"nuoto","status":"publish","type":"page","link":"https:\/\/www.olimpiciazzurri.it\/annidargento\/nuoto\/","title":{"rendered":"NUOTO"},"content":{"rendered":"\n<p><em>Riccardo Tempestini, Medaglia d\u2019oro Universiadi (come C.T. pallanuoto)<\/em><\/p>\n\n\n\n<p>C\u2019\u00e8 chi in acqua ci nuota, chi ci si tuffa, chi ci danza, chi ci gioca con una palla. Chi lo fa per sport, chi per diletto. Chi in piscina chi in mare. Tutti accomunati dalla consapevolezza di non poterne fare a meno perch\u00e9 amano l\u2019acqua, non ne conoscono l\u2019esatto motivo ma sanno che questo amore \u00e8 dentro di loro: stare in acqua rende felici perch\u00e9, lo dice la scienza, il colore blu di questo elemento genera sentimenti di euforia, gioia, benessere, gratificazione\u2026..<\/p>\n\n\n\n<p>Nuotare \u00e8 libert\u00e0, che tu voglia fendere la docile increspatura di una piscina o che tu tenti di domare le onde del mare. Nuotare \u00e8 fantasia, tutto infatti ti puoi permettere di immaginare e sognare mentre prono percorri avanti e indietro la vasca ricalcando fedelmente quella compagna odiata ed amata striscia blu; oppure mentre disteso sul dorso ti incanti, come ipnotizza\u00adto, a fissare un vecchio soffitto incrostato di umidit\u00e0 o ti fai abbacinare dai raggi dell\u2019e\u00adstate. Nuotare vuol dire essere sospeso, trattenuto, cullato, schiaffeggiato, vuol dire dominare e allo stesso tempo essere dominato dall\u2019elemen\u00adto pi\u00f9 naturale che esiste, dal fluido primordiale, dalla tua stessa essenza.<\/p>\n\n\n\n<p>Nuotare implica avere tempo, poter riflettere, essere solo con il mondo, ossimoro che ti pu\u00f2 obbligare a percorrere e ripercor\u00adrere la tua vita oppure con meno impegno e molto pi\u00f9 sempli\u00adcemente a canticchiare il motivetto del momento.<\/p>\n\n\n\n<p>Nuotare \u00e8 silenzio ovattato di una realt\u00e0 che sembra appartenere a un\u2019altra dimensione. Nuotare \u00e8 godere nel sentire le braccia piene di acido lattico che ti urlano che sei sano e vivo.<\/p>\n\n\n\n<p>Nuotare \u00e8 liberarsi e librarsi perch\u00e9 l\u2019acqua per le braccia \u00e8 come l\u2019aria per le ali.<\/p>\n\n\n\n<p>Nuotare \u00e8 mattonelle sbreccate, piani vasca scivolosi, spogliatoi fatiscenti, odore di clo\u00adro che ti impasta il cervello, brividi di freddo o di adrenalina per esserti lanciato una sfida personale nel tentativo di raggiungere quel risultato che con la stessa facilit\u00e0 ti porter\u00e0 a sentirti invincibile quanto piccolo piccolo.<\/p>\n\n\n\n<p>John Jerome scriveva \u201c\u2026 nuotare \u00e8 una faccenda fra me e l\u2019acqua e nient\u2019altro. Nell\u2019istante in cui l\u2019acqua mi avvolge, io sono solo, e grato di esserlo.\u201d<\/p>\n","protected":false},"excerpt":{"rendered":"<p>Riccardo Tempestini, Medaglia d\u2019oro Universiadi (come C.T. pallanuoto) C\u2019\u00e8 chi in acqua ci nuota, chi ci si tuffa, chi ci<\/p>\n","protected":false},"author":3,"featured_media":0,"parent":0,"menu_order":0,"comment_status":"closed","ping_status":"closed","template":"","meta":{"colormag_page_layout":"default_layout","_exactmetrics_skip_tracking":false,"_exactmetrics_sitenote_active":false,"_exactmetrics_sitenote_note":"","_exactmetrics_sitenote_category":0,"footnotes":""},"class_list":["post-167","page","type-page","status-publish","hentry"],"_links":{"self":[{"href":"https:\/\/www.olimpiciazzurri.it\/annidargento\/wp-json\/wp\/v2\/pages\/167","targetHints":{"allow":["GET"]}}],"collection":[{"href":"https:\/\/www.olimpiciazzurri.it\/annidargento\/wp-json\/wp\/v2\/pages"}],"about":[{"href":"https:\/\/www.olimpiciazzurri.it\/annidargento\/wp-json\/wp\/v2\/types\/page"}],"author":[{"embeddable":true,"href":"https:\/\/www.olimpiciazzurri.it\/annidargento\/wp-json\/wp\/v2\/users\/3"}],"replies":[{"embeddable":true,"href":"https:\/\/www.olimpiciazzurri.it\/annidargento\/wp-json\/wp\/v2\/comments?post=167"}],"version-history":[{"count":1,"href":"https:\/\/www.olimpiciazzurri.it\/annidargento\/wp-json\/wp\/v2\/pages\/167\/revisions"}],"predecessor-version":[{"id":168,"href":"https:\/\/www.olimpiciazzurri.it\/annidargento\/wp-json\/wp\/v2\/pages\/167\/revisions\/168"}],"wp:attachment":[{"href":"https:\/\/www.olimpiciazzurri.it\/annidargento\/wp-json\/wp\/v2\/media?parent=167"}],"curies":[{"name":"wp","href":"https:\/\/api.w.org\/{rel}","templated":true}]}}